{"id":270,"date":"2024-09-02T23:51:15","date_gmt":"2024-09-02T21:51:15","guid":{"rendered":"https:\/\/mcdl.fr\/?page_id=270"},"modified":"2024-09-03T00:17:32","modified_gmt":"2024-09-02T22:17:32","slug":"home","status":"publish","type":"page","link":"https:\/\/mcdl.fr\/","title":{"rendered":"Home"},"content":{"rendered":"<div id=\"pl-270\"  class=\"panel-layout\" ><div id=\"pg-270-0\"  class=\"panel-grid panel-has-style\" ><div class=\"panel-row-style panel-row-style-for-270-0\" ><div id=\"pgc-270-0-0\"  class=\"panel-grid-cell\" ><div id=\"panel-270-0-0-0\" class=\"so-panel widget widget_sow-features panel-first-child panel-last-child\" data-index=\"0\" ><div\n\t\t\t\n\t\t\tclass=\"so-widget-sow-features so-widget-sow-features-default-1f6c718feeed-270\"\n\t\t\t\n\t\t><ul\n\tclass=\"sow-features-list\n\tsow-features-responsive\">\n\n\t\t\t<li\n\t\t\tclass=\"sow-features-feature sow-icon-container-position-top\"\n\t\t\tstyle=\"display: flex; flex-direction: column; width: calc(33.333% - 25px);\"\n\t\t>\n\t\t\t\n\t\t\t\t\t\t<div\t\t\t\tclass=\"sow-icon-container sow-container-none\"\n\t\t\t\tstyle=\"color: ; \"\n\t\t\t\t\n\t\t\t\t\t\t\t>\n\t\t\t\t<span class=\"sow-icon-elegantline\" data-sow-icon=\"&#xe054;\"\n\t\tstyle=\"font-size: 48px; color: #2d2d2d\" \n\t\taria-hidden=\"true\"><\/span>\t\t\t<\/div>\n\n\t\t\t<div class=\"textwidget\">\n\t\t\t\t\n\t\t\t\t\t\t\t\t\t<h5 class=\"sow-features-feature-title\">\n\t\t\t\t\t\tQui sommes nous ?\t\t\t\t\t<\/h5>\n\t\t\t\t\n\t\t\t\t\t\t\t\t\t<div class=\"sow-features-feature-text\">\n\t\t\t\t\t<p>Le MCDL, Model Club Du Lys, est un club d\u00e9di\u00e9 \u00e0 l\u2019automobile radiocommand\u00e9e 1:10 et 1:12 \u00e9voluant sur piste indoor ciment et moquette. Le club a \u00e9t\u00e9 cr\u00e9\u00e9 dans les ann\u00e9es 2000 par des passionn\u00e9s de mod\u00e8les r\u00e9duits qui voulaient se retrouver de fa\u00e7on r\u00e9guli\u00e8re pour partager leur passion.<\/p>\n\t\t\t\t\t<\/div>\n\t\t\t\t\t\t\t\t<\/div>\n\t\t\t\t\t\t\t\t<\/li>\n\n\t\t\t<li\n\t\t\tclass=\"sow-features-feature sow-icon-container-position-top\"\n\t\t\tstyle=\"display: flex; flex-direction: column; width: calc(33.333% - 25px);\"\n\t\t>\n\t\t\t\n\t\t\t\t\t\t<div\t\t\t\tclass=\"sow-icon-container sow-container-none\"\n\t\t\t\tstyle=\"color: ; \"\n\t\t\t\t\n\t\t\t\t\t\t\t>\n\t\t\t\t<span class=\"sow-icon-elegantline\" data-sow-icon=\"&#xe047;\"\n\t\tstyle=\"font-size: 48px; color: #2d2d2d\" \n\t\taria-hidden=\"true\"><\/span>\t\t\t<\/div>\n\n\t\t\t<div class=\"textwidget\">\n\t\t\t\t\n\t\t\t\t\t\t\t\t\t<h5 class=\"sow-features-feature-title\">\n\t\t\t\t\t\tO\u00f9 et quand ?\t\t\t\t\t<\/h5>\n\t\t\t\t\n\t\t\t\t\t\t\t\t\t<div class=\"sow-features-feature-text\">\n\t\t\t\t\t<table style=\"width: 100%;border-collapse: collapse\" border=\"1\">\n<tbody>\n<tr>\n<td style=\"width: 50%;background-color: #2d9429;color: #ffffff\">\n<p style=\"text-align: center\"><strong>mardi 19h00-22h30<\/strong><\/p>\n<p style=\"text-align: center\">Base de Loisirs -\u00a0Saint-Fargeau-Ponthierry<\/p>\n<\/td>\n<td style=\"width: 50%;color: #ffffff;background-color: #3a75bd\">\n<p style=\"text-align: center\"><strong>dimanche 9h30-17h30<\/strong><\/p>\n<p style=\"text-align: center\">Gymnase Maurice Nivot - Mennecy<\/p>\n<\/td>\n<\/tr>\n<\/tbody>\n<\/table>\t\t\t\t\t<\/div>\n\t\t\t\t\t\t\t\t<\/div>\n\t\t\t\t\t\t\t\t<\/li>\n\n\t\t\t<li\n\t\t\tclass=\"sow-features-feature sow-icon-container-position-top\"\n\t\t\tstyle=\"display: flex; flex-direction: column; width: calc(33.333% - 25px);\"\n\t\t>\n\t\t\t\n\t\t\t\t\t\t<div\t\t\t\tclass=\"sow-icon-container sow-container-none\"\n\t\t\t\tstyle=\"color: ; \"\n\t\t\t\t\n\t\t\t\t\t\t\t>\n\t\t\t\t<span class=\"sow-icon-elegantline\" data-sow-icon=\"&#xe049;\"\n\t\tstyle=\"font-size: 48px; color: #2d2d2d\" \n\t\taria-hidden=\"true\"><\/span>\t\t\t<\/div>\n\n\t\t\t<div class=\"textwidget\">\n\t\t\t\t\n\t\t\t\t\t\t\t\t\t<h5 class=\"sow-features-feature-title\">\n\t\t\t\t\t\tPourquoi nous rejoindre ?\t\t\t\t\t<\/h5>\n\t\t\t\t\n\t\t\t\t\t\t\t\t\t<div class=\"sow-features-feature-text\">\n\t\t\t\t\t<p>Aujourd\u2019hui, le club veut attirer plus de passionn\u00e9s et faire de nos petites sessions de roulage un vrai moment de plaisir et de partage. Nous disposons de toutes les infrastructures n\u00e9cessaires pour s\u2019entrainer, se chalenger et s\u2019amuser.<\/p>\n\t\t\t\t\t<\/div>\n\t\t\t\t\t\t\t\t<\/div>\n\t\t\t\t\t\t\t\t<\/li>\n\n\t<\/ul>\n<\/div><\/div><\/div><\/div><\/div><\/div>","protected":false},"excerpt":{"rendered":"<p>Qui sommes nous ? Le MCDL, Model Club Du Lys, est un club d\u00e9di\u00e9 \u00e0 l\u2019automobile radiocommand\u00e9e 1:10 et 1:12 \u00e9voluant sur piste indoor ciment&hellip;<\/p>\n","protected":false},"author":1,"featured_media":0,"parent":0,"menu_order":0,"comment_status":"closed","ping_status":"closed","template":"","meta":{"footnotes":""},"class_list":["post-270","page","type-page","status-publish","hentry"],"_links":{"self":[{"href":"https:\/\/mcdl.fr\/index.php?rest_route=\/wp\/v2\/pages\/270","targetHints":{"allow":["GET"]}}],"collection":[{"href":"https:\/\/mcdl.fr\/index.php?rest_route=\/wp\/v2\/pages"}],"about":[{"href":"https:\/\/mcdl.fr\/index.php?rest_route=\/wp\/v2\/types\/page"}],"author":[{"embeddable":true,"href":"https:\/\/mcdl.fr\/index.php?rest_route=\/wp\/v2\/users\/1"}],"replies":[{"embeddable":true,"href":"https:\/\/mcdl.fr\/index.php?rest_route=%2Fwp%2Fv2%2Fcomments&post=270"}],"version-history":[{"count":11,"href":"https:\/\/mcdl.fr\/index.php?rest_route=\/wp\/v2\/pages\/270\/revisions"}],"predecessor-version":[{"id":272,"href":"https:\/\/mcdl.fr\/index.php?rest_route=\/wp\/v2\/pages\/270\/revisions\/272"}],"wp:attachment":[{"href":"https:\/\/mcdl.fr\/index.php?rest_route=%2Fwp%2Fv2%2Fmedia&parent=270"}],"curies":[{"name":"wp","href":"https:\/\/api.w.org\/{rel}","templated":true}]}}