{"id":293,"date":"2024-09-04T15:41:31","date_gmt":"2024-09-04T13:41:31","guid":{"rendered":"https:\/\/mcdl.fr\/?page_id=293"},"modified":"2024-09-04T15:46:14","modified_gmt":"2024-09-04T13:46:14","slug":"bureau","status":"publish","type":"page","link":"https:\/\/mcdl.fr\/?page_id=293","title":{"rendered":"Bureau"},"content":{"rendered":"<div id=\"pl-293\"  class=\"panel-layout\" ><div id=\"pg-293-0\"  class=\"panel-grid panel-no-style\" ><div id=\"pgc-293-0-0\"  class=\"panel-grid-cell\" ><div id=\"panel-293-0-0-0\" class=\"so-panel widget widget_sow-editor panel-first-child panel-last-child\" data-index=\"0\" ><div\n\t\t\t\n\t\t\tclass=\"so-widget-sow-editor so-widget-sow-editor-base\"\n\t\t\t\n\t\t>\n<div class=\"siteorigin-widget-tinymce textwidget\">\n\t<h2 style=\"text-align: center;\"><strong>Membres du bureau<\/strong><\/h2>\n<\/div>\n<\/div><\/div><\/div><\/div><div id=\"pg-293-1\"  class=\"panel-grid panel-no-style\" ><div id=\"pgc-293-1-0\"  class=\"panel-grid-cell\" ><div id=\"panel-293-1-0-0\" class=\"so-panel widget widget_sow-editor panel-first-child panel-last-child\" data-index=\"1\" ><div class=\"so-rounded panel-widget-style panel-widget-style-for-293-1-0-0\" ><div\n\t\t\t\n\t\t\tclass=\"so-widget-sow-editor so-widget-sow-editor-base\"\n\t\t\t\n\t\t>\n<div class=\"siteorigin-widget-tinymce textwidget\">\n\t<p style=\"text-align: right;\"><strong>Pr\u00e9sident<\/strong><\/p>\n<p style=\"text-align: right;\">Alexandre Millon-Lavargue<\/p>\n<\/div>\n<\/div><\/div><\/div><\/div><div id=\"pgc-293-1-1\"  class=\"panel-grid-cell\" ><div id=\"panel-293-1-1-0\" class=\"so-panel widget widget_sow-image panel-first-child panel-last-child\" data-index=\"2\" ><div\n\t\t\t\n\t\t\tclass=\"so-widget-sow-image so-widget-sow-image-default-4e6925654b7a-293\"\n\t\t\t\n\t\t>\n<div class=\"sow-image-container\">\n\t\t<img \n\tsrc=\"https:\/\/mcdl.fr\/wp-content\/uploads\/2024\/09\/rn_image_picker_lib_temp_83e0ccdf-ce5d-43a2-ae36-cc56a1bd30b3.webp\" width=\"113\" height=\"150\" srcset=\"https:\/\/mcdl.fr\/wp-content\/uploads\/2024\/09\/rn_image_picker_lib_temp_83e0ccdf-ce5d-43a2-ae36-cc56a1bd30b3.webp 444w, https:\/\/mcdl.fr\/wp-content\/uploads\/2024\/09\/rn_image_picker_lib_temp_83e0ccdf-ce5d-43a2-ae36-cc56a1bd30b3-225x300.webp 225w\" sizes=\"(max-width: 113px) 100vw, 113px\" alt=\"\" \t\tclass=\"so-widget-image\"\/>\n\t<\/div>\n\n<\/div><\/div><\/div><div id=\"pgc-293-1-2\"  class=\"panel-grid-cell\" ><div id=\"panel-293-1-2-0\" class=\"so-panel widget widget_sow-editor panel-first-child panel-last-child\" data-index=\"3\" ><div class=\"so-rounded panel-widget-style panel-widget-style-for-293-1-2-0\" ><div\n\t\t\t\n\t\t\tclass=\"so-widget-sow-editor so-widget-sow-editor-base\"\n\t\t\t\n\t\t>\n<div class=\"siteorigin-widget-tinymce textwidget\">\n\t<p style=\"text-align: right;\"><strong>Secr\u00e9taire<\/strong><\/p>\n<p style=\"text-align: right;\">Pierre-Fran\u00e7ois Boiton<\/p>\n<\/div>\n<\/div><\/div><\/div><\/div><div id=\"pgc-293-1-3\"  class=\"panel-grid-cell\" ><div id=\"panel-293-1-3-0\" class=\"so-panel widget widget_sow-image panel-first-child panel-last-child\" data-index=\"4\" ><div\n\t\t\t\n\t\t\tclass=\"so-widget-sow-image so-widget-sow-image-default-4e6925654b7a-293\"\n\t\t\t\n\t\t>\n<div class=\"sow-image-container\">\n\t\t<img \n\tsrc=\"https:\/\/mcdl.fr\/wp-content\/uploads\/2024\/09\/IMG_8731-e1725438399889.webp\" width=\"113\" height=\"150\" srcset=\"https:\/\/mcdl.fr\/wp-content\/uploads\/2024\/09\/IMG_8731-e1725438399889.webp 379w, https:\/\/mcdl.fr\/wp-content\/uploads\/2024\/09\/IMG_8731-e1725438399889-225x300.webp 225w\" sizes=\"(max-width: 113px) 100vw, 113px\" title=\"IMG_8731\" alt=\"\" \t\tclass=\"so-widget-image\"\/>\n\t<\/div>\n\n<\/div><\/div><\/div><\/div><div id=\"pg-293-2\"  class=\"panel-grid panel-no-style\" ><div id=\"pgc-293-2-0\"  class=\"panel-grid-cell\" ><div id=\"panel-293-2-0-0\" class=\"so-panel widget widget_sow-editor panel-first-child panel-last-child\" data-index=\"5\" ><div class=\"so-rounded panel-widget-style panel-widget-style-for-293-2-0-0\" ><div\n\t\t\t\n\t\t\tclass=\"so-widget-sow-editor so-widget-sow-editor-base\"\n\t\t\t\n\t\t>\n<div class=\"siteorigin-widget-tinymce textwidget\">\n\t<p style=\"text-align: right;\"><strong>Tr\u00e9sorier<\/strong><\/p>\n<p style=\"text-align: right;\">\u00a0Cyril Flavigny<\/p>\n<\/div>\n<\/div><\/div><\/div><\/div><div id=\"pgc-293-2-1\"  class=\"panel-grid-cell\" ><div id=\"panel-293-2-1-0\" class=\"so-panel widget widget_sow-image panel-first-child panel-last-child\" data-index=\"6\" ><div\n\t\t\t\n\t\t\tclass=\"so-widget-sow-image so-widget-sow-image-default-4e6925654b7a-293\"\n\t\t\t\n\t\t>\n<div class=\"sow-image-container\">\n\t\t<img \n\tsrc=\"https:\/\/mcdl.fr\/wp-content\/uploads\/2024\/09\/tamiya-racing-fighter-x-sa-buggy-orange-46702l.jpg\" width=\"124\" height=\"150\" srcset=\"https:\/\/mcdl.fr\/wp-content\/uploads\/2024\/09\/tamiya-racing-fighter-x-sa-buggy-orange-46702l.jpg 370w, https:\/\/mcdl.fr\/wp-content\/uploads\/2024\/09\/tamiya-racing-fighter-x-sa-buggy-orange-46702l-248x300.jpg 248w\" sizes=\"(max-width: 124px) 100vw, 124px\" alt=\"\" \t\tclass=\"so-widget-image\"\/>\n\t<\/div>\n\n<\/div><\/div><\/div><div id=\"pgc-293-2-2\"  class=\"panel-grid-cell\" ><div id=\"panel-293-2-2-0\" class=\"so-panel widget widget_sow-editor panel-first-child panel-last-child\" data-index=\"7\" ><div class=\"so-rounded panel-widget-style panel-widget-style-for-293-2-2-0\" ><div\n\t\t\t\n\t\t\tclass=\"so-widget-sow-editor so-widget-sow-editor-base\"\n\t\t\t\n\t\t>\n<div class=\"siteorigin-widget-tinymce textwidget\">\n\t<p style=\"text-align: right;\"><strong>Responsable communication<\/strong><\/p>\n<p style=\"text-align: right;\">Zouhair El Kouay<\/p>\n<\/div>\n<\/div><\/div><\/div><\/div><div id=\"pgc-293-2-3\"  class=\"panel-grid-cell\" ><div id=\"panel-293-2-3-0\" class=\"so-panel widget widget_sow-image panel-first-child panel-last-child\" data-index=\"8\" ><div\n\t\t\t\n\t\t\tclass=\"so-widget-sow-image so-widget-sow-image-default-4e6925654b7a-293\"\n\t\t\t\n\t\t>\n<div class=\"sow-image-container\">\n\t\t<img \n\tsrc=\"https:\/\/mcdl.fr\/wp-content\/uploads\/2024\/09\/20240104_174926.webp\" width=\"75\" height=\"150\" srcset=\"https:\/\/mcdl.fr\/wp-content\/uploads\/2024\/09\/20240104_174926.webp 296w, https:\/\/mcdl.fr\/wp-content\/uploads\/2024\/09\/20240104_174926-150x300.webp 150w\" sizes=\"(max-width: 75px) 100vw, 75px\" alt=\"\" \t\tclass=\"so-widget-image\"\/>\n\t<\/div>\n\n<\/div><\/div><\/div><\/div><\/div>","protected":false},"excerpt":{"rendered":"<p>Membres du bureau Pr\u00e9sident Alexandre Millon-Lavargue Secr\u00e9taire Pierre-Fran\u00e7ois Boiton<\/p>\n","protected":false},"author":1,"featured_media":0,"parent":0,"menu_order":0,"comment_status":"closed","ping_status":"closed","template":"","meta":{"footnotes":""},"class_list":["post-293","page","type-page","status-publish","hentry"],"_links":{"self":[{"href":"https:\/\/mcdl.fr\/index.php?rest_route=\/wp\/v2\/pages\/293","targetHints":{"allow":["GET"]}}],"collection":[{"href":"https:\/\/mcdl.fr\/index.php?rest_route=\/wp\/v2\/pages"}],"about":[{"href":"https:\/\/mcdl.fr\/index.php?rest_route=\/wp\/v2\/types\/page"}],"author":[{"embeddable":true,"href":"https:\/\/mcdl.fr\/index.php?rest_route=\/wp\/v2\/users\/1"}],"replies":[{"embeddable":true,"href":"https:\/\/mcdl.fr\/index.php?rest_route=%2Fwp%2Fv2%2Fcomments&post=293"}],"version-history":[{"count":14,"href":"https:\/\/mcdl.fr\/index.php?rest_route=\/wp\/v2\/pages\/293\/revisions"}],"predecessor-version":[{"id":311,"href":"https:\/\/mcdl.fr\/index.php?rest_route=\/wp\/v2\/pages\/293\/revisions\/311"}],"wp:attachment":[{"href":"https:\/\/mcdl.fr\/index.php?rest_route=%2Fwp%2Fv2%2Fmedia&parent=293"}],"curies":[{"name":"wp","href":"https:\/\/api.w.org\/{rel}","templated":true}]}}